{"id":18,"date":"2019-09-07T12:49:42","date_gmt":"2019-09-07T12:49:42","guid":{"rendered":"http:\/\/lindemann-thomas.de\/?page_id=18"},"modified":"2025-01-28T07:39:32","modified_gmt":"2025-01-28T07:39:32","slug":"ueber-mich","status":"publish","type":"page","link":"https:\/\/www.achtsam-coaching.de\/?page_id=18","title":{"rendered":"In ein neues Lebensgef\u00fchl"},"content":{"rendered":"\n<figure class=\"wp-block-gallery has-nested-images columns-default is-cropped wp-block-gallery-1 is-layout-flex wp-block-gallery-is-layout-flex\">\n<figure class=\"wp-block-image size-large\"><img loading=\"lazy\" decoding=\"async\" width=\"1024\" height=\"776\" data-id=\"173\" src=\"https:\/\/www.achtsam-coaching.de\/wp-content\/uploads\/2020\/10\/Logo_Lindemann_AchtsamCMYK-2-1024x776.png\" alt=\"\" class=\"wp-image-173\" srcset=\"https:\/\/www.achtsam-coaching.de\/wp-content\/uploads\/2020\/10\/Logo_Lindemann_AchtsamCMYK-2-1024x776.png 1024w, https:\/\/www.achtsam-coaching.de\/wp-content\/uploads\/2020\/10\/Logo_Lindemann_AchtsamCMYK-2-300x227.png 300w, https:\/\/www.achtsam-coaching.de\/wp-content\/uploads\/2020\/10\/Logo_Lindemann_AchtsamCMYK-2-768x582.png 768w, https:\/\/www.achtsam-coaching.de\/wp-content\/uploads\/2020\/10\/Logo_Lindemann_AchtsamCMYK-2.png 1485w\" sizes=\"auto, (max-width: 706px) 89vw, (max-width: 767px) 82vw, 740px\" \/><\/figure>\n<\/figure>\n\n\n\n<div class=\"wp-block-columns is-layout-flex wp-container-core-columns-is-layout-9d6595d7 wp-block-columns-is-layout-flex\">\n<div class=\"wp-block-column is-layout-flow wp-block-column-is-layout-flow\">\n<figure class=\"wp-block-image size-large\"><img loading=\"lazy\" decoding=\"async\" width=\"1024\" height=\"614\" src=\"https:\/\/www.achtsam-coaching.de\/wp-content\/uploads\/2019\/09\/cropped-20190725_180505-1024x614.jpg\" alt=\"\" class=\"wp-image-10\" srcset=\"https:\/\/www.achtsam-coaching.de\/wp-content\/uploads\/2019\/09\/cropped-20190725_180505-1024x614.jpg 1024w, https:\/\/www.achtsam-coaching.de\/wp-content\/uploads\/2019\/09\/cropped-20190725_180505-300x180.jpg 300w, https:\/\/www.achtsam-coaching.de\/wp-content\/uploads\/2019\/09\/cropped-20190725_180505-768x460.jpg 768w, https:\/\/www.achtsam-coaching.de\/wp-content\/uploads\/2019\/09\/cropped-20190725_180505-1536x921.jpg 1536w, https:\/\/www.achtsam-coaching.de\/wp-content\/uploads\/2019\/09\/cropped-20190725_180505.jpg 2000w\" sizes=\"auto, (max-width: 706px) 89vw, (max-width: 767px) 82vw, 740px\" \/><\/figure>\n<\/div>\n\n\n\n<div class=\"wp-block-column is-vertically-aligned-center is-layout-flow wp-block-column-is-layout-flow\">\n<h1 class=\"wp-block-heading has-text-align-center has-large-font-size\"><strong>Tanja Lindemann<\/strong><\/h1>\n\n\n\n<div class=\"wp-block-group\"><div class=\"wp-block-group__inner-container is-layout-constrained wp-block-group-is-layout-constrained\">\n<p class=\"has-text-align-center has-medium-font-size\" style=\"line-height:1.5\">Master Inspirationscoach  GreatorCoach<\/p>\n\n\n\n<p class=\"has-text-align-center has-small-font-size\" style=\"line-height:0\"><\/p>\n\n\n\n<p class=\"has-text-align-center has-medium-font-size\" style=\"line-height:0\">Biokybernetik nach Smit<\/p>\n<\/div><\/div>\n\n\n\n<p class=\"has-text-align-center has-medium-font-size\"><strong>Einzel-, Paar- und Familiencoaching<\/strong><\/p>\n\n\n\n<p class=\"has-text-align-center has-medium-font-size\" style=\"line-height:0\">Breu\u00df Massage<\/p>\n<\/div>\n<\/div>\n\n\n\n<p><\/p>\n\n\n\n<div class=\"wp-block-columns is-layout-flex wp-container-core-columns-is-layout-9d6595d7 wp-block-columns-is-layout-flex\">\n<div class=\"wp-block-column is-layout-flow wp-block-column-is-layout-flow\">\n<figure class=\"wp-block-image size-full\"><img loading=\"lazy\" decoding=\"async\" width=\"590\" height=\"770\" src=\"https:\/\/www.achtsam-coaching.de\/wp-content\/uploads\/2023\/07\/Tommi_klein.jpg\" alt=\"\" class=\"wp-image-496\" srcset=\"https:\/\/www.achtsam-coaching.de\/wp-content\/uploads\/2023\/07\/Tommi_klein.jpg 590w, https:\/\/www.achtsam-coaching.de\/wp-content\/uploads\/2023\/07\/Tommi_klein-230x300.jpg 230w\" sizes=\"auto, (max-width: 590px) 100vw, 590px\" \/><\/figure>\n<\/div>\n\n\n\n<div class=\"wp-block-column is-layout-flow wp-block-column-is-layout-flow\">\n<p class=\"has-text-align-center has-large-font-size\" style=\"line-height:1.1\"><strong>Thomas Lindemann<\/strong><\/p>\n\n\n\n<p class=\"has-text-align-center has-medium-font-size\" style=\"line-height:0\">Master Inspirationscoach<\/p>\n\n\n\n<p class=\"has-text-align-center has-medium-font-size\" style=\"line-height:0\">GreatorCoach<\/p>\n\n\n\n<p class=\"has-text-align-center has-small-font-size\" style=\"line-height:0\"><\/p>\n\n\n\n<p class=\"has-text-align-center has-large-font-size\" style=\"line-height:1.1\"><strong>Einzel-, Paar- und Familiencoaching<\/strong> <\/p>\n\n\n\n<div class=\"wp-block-group is-content-justification-center is-nowrap is-layout-flex wp-container-core-group-is-layout-94bc23d7 wp-block-group-is-layout-flex\">\n<p class=\"has-text-align-center has-large-font-size\" style=\"line-height:0\"><strong>Krisenmanager<\/strong><\/p>\n<\/div>\n<\/div>\n<\/div>\n\n\n\n<h1 class=\"wp-block-heading\"><strong>\u00dcber uns<\/strong><\/h1>\n\n\n\n<p>Kennst Du das auch? Du f\u00fchlst Dich m\u00fcde, abgeschlagen und hast h\u00e4ufig Kopfschmerzen, Magendruck, Schlafst\u00f6rungen oder Verspannungen? Vielleicht erlebst Du auch Stress mit Deinem Partner, Deinem Chef oder in anderen Lebensbereichen? Und all die \u00c4rzte und Freunde, die Du vielleicht schon aufgesucht hast, k\u00f6nnen Dir nicht weiterhelfen oder unterdr\u00fccken die Symptome nur mit Medikamenten?<\/p>\n\n\n\n<p>Was w\u00e4re, wenn wir Dir sagen, dass unser Leben und die Menschen, denen wir t\u00e4glich begegnen, ein Spiegel von uns selbst sind? Was w\u00e4re, wenn wir Dir sagen, dass die Antwort oft tief in Dir selbst liegt? Was w\u00e4re, wenn wir Dir sagen, dass Dein K\u00f6rper mit Dir spricht? Was w\u00e4re, wenn wir Dir sagen, dass wir nie gelernt haben, ihm zuzuh\u00f6ren oder es verlernt haben? Was w\u00e4re, wenn wir Dir sagen, dass wir Dir helfen k\u00f6nnen, Deinem K\u00f6rper und Dir selbst neu zu begegnen und kennenzulernen? Denn alles, was Du brauchst, ist die Begegnung mit Dir selbst.<\/p>\n\n\n\n<p>Wir sind Tanja und Thomas Lindemann, Master Inspirations Coaches nach Herz \u00fcber Kopf und Greator Coaches.<\/p>\n\n\n\n<p>Wir haben selbst erfahren, wie wunderbar es ist, wieder mit sich selbst in Verbindung zu kommen. Es ist befreiend, alle Gef\u00fchle und Emotionen zuzulassen, anstatt sie wegzudr\u00fccken, wie wir es vielleicht \u00fcbernommen, vorgelebt oder beigebracht bekommen haben. Wir unterst\u00fctzen Menschen dabei, wieder in Kontakt mit sich selbst zu kommen, ihre Strategien und Muster zu erkennen und zu verstehen, wie sie durch ihr Leben gehen \u2013 manchmal sogar rennen. Wir helfen ihnen, innezuhalten, zu atmen und ihre Gef\u00fchle anzunehmen und zu bejahen.<\/p>\n\n\n\n<p>Gerne unterst\u00fctzen wir auch Dich! Wir freuen uns darauf, Dich kennenzulernen.<\/p>\n\n\n\n<h1 class=\"wp-block-heading\"><strong>Unser Weg\u2026.<\/strong><\/h1>\n\n\n\n<p>Unsere Reise begann 2017, als unsere Ehe vorerst zerbrach. Doch wir wollten einen besseren Weg f\u00fcr uns und unsere drei Kinder finden. Schnell erkannten wir, dass wir Hilfe brauchten. \u00dcber Empfehlungen und Literatur fanden wir zu Christina und Walter von &#8222;Herz \u00fcber Kopf&#8220;, bei denen wir seit 2020 auch die Ausbildung bei Greator begleiten.<\/p>\n\n\n\n<p>Sie zeigten uns, dass unsere Trennung mehr mit uns selbst zu tun hatte als mit dem anderen. Es ist leicht, dem Partner die Schuld zu geben, aber viel schwieriger, sich selbst zu fragen: \u201eWas hat das mit mir zu tun?\u201c<\/p>\n\n\n\n<p>Wir begannen, unsere eigenen Themen zu erkunden: tief verwurzelte Verhaltensmuster und Glaubenss\u00e4tze, die uns wie ferngesteuert durch unser Leben f\u00fchrten. Gef\u00fchle, die wir jahrelang unterdr\u00fcckt hatten, luden wir ein, sich zu zeigen.<\/p>\n\n\n\n<p>Wir erkannten, dass wir ein Komplettpaket sind \u2013 ein Blumenstrau\u00df aus verschiedenen Emotionen. Alle geh\u00f6ren zu uns und wollen angenommen werden. Schritt f\u00fcr Schritt verlie\u00dfen wir unsere Komfortzone und wuchsen als Paar und Individuen.<\/p>\n\n\n\n<p>Durch das Loslassen entstanden N\u00e4he, Vertrauen und Offenheit \u2013 nicht nur zwischen uns, sondern auch zu uns selbst. Auch heute noch stellen wir uns den Herausforderungen und nutzen sie, um immer wieder Kontakt zu uns selbst aufzunehmen und alles zuzulassen, was sich zeigt.<\/p>\n\n\n\n<figure class=\"wp-block-embed is-type-video is-provider-youtube wp-block-embed-youtube wp-embed-aspect-16-9 wp-has-aspect-ratio\"><div class=\"wp-block-embed__wrapper\">\n<iframe loading=\"lazy\" title=\"TANJA LINDEMANN\" width=\"525\" height=\"295\" src=\"https:\/\/www.youtube.com\/embed\/IWL1Jju6k7I?feature=oembed\" frameborder=\"0\" allow=\"accelerometer; autoplay; clipboard-write; encrypted-media; gyroscope; picture-in-picture; web-share\" referrerpolicy=\"strict-origin-when-cross-origin\" allowfullscreen><\/iframe>\n<\/div><figcaption class=\"wp-element-caption\">Value-Up Challenge &#8211; Herz \u00fcber Kopf &#8211; Selbstwert in der Mutterrolle von Tanja<\/figcaption><\/figure>\n\n\n\n<p><\/p>\n\n\n\n<h3 class=\"wp-block-heading\">Auf zur Facebook Community<p><\/p><\/h3>\n\n\n\n<p><a href=\"https:\/\/www.facebook.com\/groups\/915077585237516\" target=\"_blank\" rel=\"noreferrer noopener\">Facebook &#8222;Herz \u00fcber Kopf Community&#8220;<\/a><\/p>\n\n\n\n<figure class=\"wp-block-image size-large\"><img loading=\"lazy\" decoding=\"async\" width=\"1024\" height=\"683\" src=\"https:\/\/www.achtsam-coaching.de\/wp-content\/uploads\/2020\/09\/DSC08820-1024x683.jpg\" alt=\"\" class=\"wp-image-149\" srcset=\"https:\/\/www.achtsam-coaching.de\/wp-content\/uploads\/2020\/09\/DSC08820-1024x683.jpg 1024w, https:\/\/www.achtsam-coaching.de\/wp-content\/uploads\/2020\/09\/DSC08820-300x200.jpg 300w, https:\/\/www.achtsam-coaching.de\/wp-content\/uploads\/2020\/09\/DSC08820-768x512.jpg 768w, https:\/\/www.achtsam-coaching.de\/wp-content\/uploads\/2020\/09\/DSC08820-1536x1025.jpg 1536w, https:\/\/www.achtsam-coaching.de\/wp-content\/uploads\/2020\/09\/DSC08820-2048x1366.jpg 2048w\" sizes=\"auto, (max-width: 706px) 89vw, (max-width: 767px) 82vw, 740px\" \/><figcaption class=\"wp-element-caption\">Tanja mit Christina &amp; Walter bei der \u00dcbergabe Ihres Greator Zertifikats.<\/figcaption><\/figure>\n\n\n\n<figure class=\"wp-block-image size-large\"><img loading=\"lazy\" decoding=\"async\" width=\"1024\" height=\"683\" src=\"https:\/\/www.achtsam-coaching.de\/wp-content\/uploads\/2020\/09\/GE5A8323-1024x683.jpg\" alt=\"\" class=\"wp-image-150\" srcset=\"https:\/\/www.achtsam-coaching.de\/wp-content\/uploads\/2020\/09\/GE5A8323-1024x683.jpg 1024w, https:\/\/www.achtsam-coaching.de\/wp-content\/uploads\/2020\/09\/GE5A8323-300x200.jpg 300w, https:\/\/www.achtsam-coaching.de\/wp-content\/uploads\/2020\/09\/GE5A8323-768x512.jpg 768w, https:\/\/www.achtsam-coaching.de\/wp-content\/uploads\/2020\/09\/GE5A8323-2048x1365.jpg 2048w\" sizes=\"auto, (max-width: 706px) 89vw, (max-width: 767px) 82vw, 740px\" \/><figcaption class=\"wp-element-caption\">Thomas mit Christina &amp; Walter bei der \u00dcbergabe seines Greator Zertifikats.<\/figcaption><\/figure>\n\n\n<p><strong>Unser Angebot f\u00fcr Dich:<\/strong><\/p>\n<p>RESERVIERE JETZT DEIN KOSTENLOSES ERSTGESPR\u00c4CH ODER BUCHE DIREKT EIN PAKET<\/p>\n\n\n<div class=\"wp-block-group alignwide\"><div class=\"wp-block-group__inner-container is-layout-flow wp-block-group-is-layout-flow\">\n<div class=\"wp-block-columns is-layout-flex wp-container-core-columns-is-layout-9d6595d7 wp-block-columns-is-layout-flex\">\n<div class=\"wp-block-column is-layout-flow wp-block-column-is-layout-flow\">\n<p><strong>Silber Paket \u20ac 499,-<\/strong><\/p>\n<p>4 Wochen <br \/>Starte deine Selbstliebe, dein Selbstvertrauen und steigere deinen Selbstwert.<\/p>\n<p>Intensive 1-Monats-Begleitung, diese ganz individuell auf dich abgestimmt ist und mit kleinen Aufgaben und Challenges und liebevoll gestalteten Arbeitsbl\u00e4ttern die dich in deine Ver\u00e4nderung bringt.<\/p>\n<p>\u200b1 Morgenmeditation<br \/>\u200b4 Einzelcoachings (60-90 Minuten)<\/p>\n<\/div>\n\n\n\n<div class=\"wp-block-column is-layout-flow wp-block-column-is-layout-flow\">\n<p><span style=\"color: #ff0000;\"><strong>Beliebtestes Produkt!<\/strong> <\/span><br \/><strong>Gold Paket \u20ac 1199,-<\/strong><\/p>\n<p>8 Wochen<\/p>\n<p>Intensive 2-Monats-Begleitung, diese ganz individuell auf dich abgestimmt ist und mit kleinen Aufgaben und Challenges und liebevoll gestalteten Arbeitsbl\u00e4ttern die dich in deine Ver\u00e4nderung bringt.<\/p>\n<p>Du gehst deinen Weg in ein selbsbestimmtes Leben.<\/p>\n<p>L\u00f6se was dich zur\u00fcckh\u00e4lt<br \/>Lerne dich besser verstehen <br \/>St\u00e4rke dein Selbstbewusstsein<br \/>Durchbrich alte Muster<br \/>Erwecke den\/die K\u00f6nig\/in in dir<\/p>\n<p>1 Morgenmeditation<br \/>1 Abendmeditation<br \/>1 Meditation zum inneren Kind<br \/>\u200b6 Einzelcoachings (60-90 Minuten)<br \/>Workbooks zu den einzelnen Themen<\/p>\n<\/div>\n\n\n\n<div class=\"wp-block-column is-layout-flow wp-block-column-is-layout-flow\">\n<p><strong>Diamant Paket \u20ac 2790,-<\/strong><br \/>16 Wochen<\/p>\n<p>Intensive 4-Monats-Begleitung, diese ganz individuell auf dich abgestimmt ist und mit kleinen Aufgaben und Challenges und liebevoll gestalteten Arbeitsbl\u00e4ttern die dich in deine Ver\u00e4nderung bringt.<br \/>\u200b<br \/>L\u00f6se was dich zur\u00fcckh\u00e4lt<br \/>Lerne dich besser verstehen <br \/>St\u00e4rke dein Selbstbewusstsein<br \/>Durchbrich alte Muster<br \/>Erwecke den\/die K\u00f6nigIn in dir<br \/>F\u00fchre dich selbst<br \/>Lebensvision festlegen<br \/>Werte festlegen<\/p>\n<p>\u200b1 Morgenmeditation<br \/>1 Abendmeditation<br \/>1 Meditation zum inneren Kind<br \/>1 Chakra Meditation<br \/>1 Tag Naturerlebnis<br \/>10 Einzelcoachings (60-90 Minuten)<\/p>\n<p>Workbooks zu den einzelnen Themen<\/p>\n<\/div>\n<\/div>\n<\/div><\/div>\n","protected":false},"excerpt":{"rendered":"<p>Tanja Lindemann Master Inspirationscoach GreatorCoach Biokybernetik nach Smit Einzel-, Paar- und Familiencoaching Breu\u00df Massage Thomas Lindemann Master Inspirationscoach GreatorCoach Einzel-, Paar- und Familiencoaching Krisenmanager \u00dcber uns Kennst Du das auch? Du f\u00fchlst Dich m\u00fcde, abgeschlagen und hast h\u00e4ufig Kopfschmerzen, Magendruck, Schlafst\u00f6rungen oder Verspannungen? Vielleicht erlebst Du auch Stress mit Deinem Partner, Deinem Chef oder in &hellip; <\/p>\n<p class=\"link-more\"><a href=\"https:\/\/www.achtsam-coaching.de\/?page_id=18\" class=\"more-link\"><span class=\"screen-reader-text\">\u201eIn ein neues Lebensgef\u00fchl\u201c <\/span>weiterlesen<\/a><\/p>\n","protected":false},"author":1,"featured_media":0,"parent":0,"menu_order":0,"comment_status":"closed","ping_status":"closed","template":"","meta":{"footnotes":""},"class_list":["post-18","page","type-page","status-publish","hentry"],"_links":{"self":[{"href":"https:\/\/www.achtsam-coaching.de\/index.php?rest_route=\/wp\/v2\/pages\/18","targetHints":{"allow":["GET"]}}],"collection":[{"href":"https:\/\/www.achtsam-coaching.de\/index.php?rest_route=\/wp\/v2\/pages"}],"about":[{"href":"https:\/\/www.achtsam-coaching.de\/index.php?rest_route=\/wp\/v2\/types\/page"}],"author":[{"embeddable":true,"href":"https:\/\/www.achtsam-coaching.de\/index.php?rest_route=\/wp\/v2\/users\/1"}],"replies":[{"embeddable":true,"href":"https:\/\/www.achtsam-coaching.de\/index.php?rest_route=%2Fwp%2Fv2%2Fcomments&post=18"}],"version-history":[{"count":52,"href":"https:\/\/www.achtsam-coaching.de\/index.php?rest_route=\/wp\/v2\/pages\/18\/revisions"}],"predecessor-version":[{"id":517,"href":"https:\/\/www.achtsam-coaching.de\/index.php?rest_route=\/wp\/v2\/pages\/18\/revisions\/517"}],"wp:attachment":[{"href":"https:\/\/www.achtsam-coaching.de\/index.php?rest_route=%2Fwp%2Fv2%2Fmedia&parent=18"}],"curies":[{"name":"wp","href":"https:\/\/api.w.org\/{rel}","templated":true}]}}