{"id":208,"date":"2021-02-10T20:39:58","date_gmt":"2021-02-10T20:39:58","guid":{"rendered":"https:\/\/www.achtsam-coaching.de\/?page_id=208"},"modified":"2021-03-12T22:29:35","modified_gmt":"2021-03-12T22:29:35","slug":"biokybernetik","status":"publish","type":"page","link":"https:\/\/www.achtsam-coaching.de\/?page_id=208","title":{"rendered":"Biokybernetik"},"content":{"rendered":"\n<div class=\"wp-block-columns is-layout-flex wp-container-core-columns-is-layout-9d6595d7 wp-block-columns-is-layout-flex\">\n<div class=\"wp-block-column is-layout-flow wp-block-column-is-layout-flow\">\n<blockquote class=\"wp-block-quote has-text-align-center is-layout-flow wp-block-quote-is-layout-flow\"><p>Bringe deinen K\u00f6rper<br>in harmonische Ausrichtung,<br>damit sich dein Geist<br>und deine Seele darin<br>gesund und zuhause f\u00fchlen k\u00f6nnen!<\/p><\/blockquote>\n<\/div>\n\n\n\n<div class=\"wp-block-column is-layout-flow wp-block-column-is-layout-flow\">\n<figure class=\"wp-block-image size-large\"><img loading=\"lazy\" decoding=\"async\" width=\"285\" height=\"128\" src=\"https:\/\/www.achtsam-coaching.de\/wp-content\/uploads\/2021\/02\/Biokyber.png\" alt=\"\" class=\"wp-image-282\"\/><\/figure>\n<\/div>\n<\/div>\n\n\n\n<p><strong>Die Biologische Kybernetik<\/strong> ist die Wissenschaft, die sich mit den Steuerungs- und Regelungsvorg\u00e4ngen in Organismen besch\u00e4ftigt.<\/p>\n\n\n\n<p>Ab 1980 erforschte Dr.-Ing. Jan Gerhard Smit diese effiziente<br>biologisch-physikalische Methode.<br>Durch aktivieren von bestimmten Punkten kann durch die<br>\u201eReflexionsareale an der Hautoberfl\u00e4che\u201c Selbstheilung angeregt werden!<\/p>\n\n\n\n<p>Biokybernetik nach Smit, stellt vor allem die nat\u00fcrlichen Lebensfunktionen, wie das L\u00f6sen von Beckenblockaden \u00fcber k\u00f6rpereigene Signale, durch einen physikalischen Ansatz wieder her.<br>Damit verschwindet meist auch eine Wirbels\u00e4ulenverkr\u00fcmmung und eine Beinl\u00e4ngendifferenz.<br>Auch viele weitere, damit in Zusammenhang stehende Dysbalancen bis hin zu psychisch\/seelischem Unwohlsein, k\u00f6nnen deutlich harmonisiert werden.<br>Das Gef\u00fchl von Leichtigkeit, Freiheit und Beweglichkeit kehrt zur\u00fcck.<br>Verwendet wird dazu eine speziell ausgelegte abgerundete Spitze, welche feine Mikrosysteme ideal aktivieren kann.<br>So kann in den meisten F\u00e4llen Selbstheilung angeregt werden.<\/p>\n\n\n\n<p>Preis pro Sitzung: Gegen eine Spende f\u00fcr einen guten Zweck.<\/p>\n\n\n\n<blockquote class=\"wp-block-quote is-layout-flow wp-block-quote-is-layout-flow\"><p>Unser Coaching ist keine Psychotherapie und kann den Arzt als solches nicht ersetzen. Wir machen auch keine Heilversprechen. Voraussetzung bei Klienten ist, eine normale psychische und physische Belastbarkeit.<\/p><\/blockquote>\n\n\n\n<figure class=\"wp-block-image size-large\"><img loading=\"lazy\" decoding=\"async\" width=\"408\" height=\"612\" src=\"https:\/\/www.achtsam-coaching.de\/wp-content\/uploads\/2021\/03\/IMG_20210310_172039.png\" alt=\"\" class=\"wp-image-346\" srcset=\"https:\/\/www.achtsam-coaching.de\/wp-content\/uploads\/2021\/03\/IMG_20210310_172039.png 408w, https:\/\/www.achtsam-coaching.de\/wp-content\/uploads\/2021\/03\/IMG_20210310_172039-200x300.png 200w\" sizes=\"auto, (max-width: 408px) 100vw, 408px\" \/><\/figure>\n","protected":false},"excerpt":{"rendered":"<p>Bringe deinen K\u00f6rperin harmonische Ausrichtung,damit sich dein Geistund deine Seele daringesund und zuhause f\u00fchlen k\u00f6nnen! Die Biologische Kybernetik ist die Wissenschaft, die sich mit den Steuerungs- und Regelungsvorg\u00e4ngen in Organismen besch\u00e4ftigt. Ab 1980 erforschte Dr.-Ing. Jan Gerhard Smit diese effizientebiologisch-physikalische Methode.Durch aktivieren von bestimmten Punkten kann durch die\u201eReflexionsareale an der Hautoberfl\u00e4che\u201c Selbstheilung angeregt werden! Biokybernetik &hellip; <\/p>\n<p class=\"link-more\"><a href=\"https:\/\/www.achtsam-coaching.de\/?page_id=208\" class=\"more-link\"><span class=\"screen-reader-text\">\u201eBiokybernetik\u201c <\/span>weiterlesen<\/a><\/p>\n","protected":false},"author":1,"featured_media":0,"parent":0,"menu_order":0,"comment_status":"closed","ping_status":"closed","template":"","meta":{"footnotes":""},"class_list":["post-208","page","type-page","status-publish","hentry"],"_links":{"self":[{"href":"https:\/\/www.achtsam-coaching.de\/index.php?rest_route=\/wp\/v2\/pages\/208","targetHints":{"allow":["GET"]}}],"collection":[{"href":"https:\/\/www.achtsam-coaching.de\/index.php?rest_route=\/wp\/v2\/pages"}],"about":[{"href":"https:\/\/www.achtsam-coaching.de\/index.php?rest_route=\/wp\/v2\/types\/page"}],"author":[{"embeddable":true,"href":"https:\/\/www.achtsam-coaching.de\/index.php?rest_route=\/wp\/v2\/users\/1"}],"replies":[{"embeddable":true,"href":"https:\/\/www.achtsam-coaching.de\/index.php?rest_route=%2Fwp%2Fv2%2Fcomments&post=208"}],"version-history":[{"count":4,"href":"https:\/\/www.achtsam-coaching.de\/index.php?rest_route=\/wp\/v2\/pages\/208\/revisions"}],"predecessor-version":[{"id":347,"href":"https:\/\/www.achtsam-coaching.de\/index.php?rest_route=\/wp\/v2\/pages\/208\/revisions\/347"}],"wp:attachment":[{"href":"https:\/\/www.achtsam-coaching.de\/index.php?rest_route=%2Fwp%2Fv2%2Fmedia&parent=208"}],"curies":[{"name":"wp","href":"https:\/\/api.w.org\/{rel}","templated":true}]}}