{"id":211,"date":"2021-02-10T21:00:02","date_gmt":"2021-02-10T21:00:02","guid":{"rendered":"https:\/\/www.achtsam-coaching.de\/?page_id=211"},"modified":"2025-01-28T07:24:59","modified_gmt":"2025-01-28T07:24:59","slug":"access-bars","status":"publish","type":"page","link":"https:\/\/www.achtsam-coaching.de\/?page_id=211","title":{"rendered":"Access Bars"},"content":{"rendered":"\n<div class=\"wp-block-media-text alignwide has-media-on-the-right is-stacked-on-mobile is-vertically-aligned-top\"><div class=\"wp-block-media-text__content\">\n<blockquote class=\"wp-block-quote has-text-align-center is-style-default is-layout-flow wp-block-quote-is-layout-flow\">\n<p>\u201eIm schlechtesten Fall                 wirst du dich f\u00fchlen,<br>als h\u00e4ttest du die beste Massage deines Lebens gehabt.<br>Bestenfalls wird sich dein ganzes Leben in totaler Leichtigkeit zu etwas Gr\u00f6\u00dferem verwandeln.\u201c<br>Gary Douglas <\/p>\n\n\n\n<p>(Gr\u00fcnder der Methode)<\/p>\n\n\n\n<p><\/p>\n<\/blockquote>\n<\/div><figure class=\"wp-block-media-text__media\"><img loading=\"lazy\" decoding=\"async\" width=\"396\" height=\"64\" src=\"https:\/\/www.achtsam-coaching.de\/wp-content\/uploads\/2021\/02\/Access-Bars.png\" alt=\"\" class=\"wp-image-281 size-full\" srcset=\"https:\/\/www.achtsam-coaching.de\/wp-content\/uploads\/2021\/02\/Access-Bars.png 396w, https:\/\/www.achtsam-coaching.de\/wp-content\/uploads\/2021\/02\/Access-Bars-300x48.png 300w\" sizes=\"auto, (max-width: 396px) 100vw, 396px\" \/><\/figure><\/div>\n\n\n<p><b>Was sind die Access Bars?<\/b><\/p>\n<p><b>Access Bars<\/b> sind eine sanfte Handauflege-Methode, die von Gary Douglas Anfang der 1990er Jahre eingef\u00fchrt wurde. Sie bestehen aus 32 Energiepunkten, die durch\u00a0 und um den Kopf laufen. Durch sanftes Ber\u00fchren der Punkte in verschiedenen Abfolgen wird die elektromagnetische\u00a0 Ladung freigegeben. So werden Komponente von Stress, Gef\u00fchlen, Gedanken, \u00dcberzeugungen die dich in unterschiedlichen Lebensbereichen eingeschr\u00e4nkt haben, frei gegeben.<\/p>\n<p>Eine Bars-Sitzung dauert in der Regel 60-90 Minuten, das Du ganz nach Bedarf durchf\u00fchren kannst. Die Auswirkungen der BARS Sitzung sind von Person zu Person und von Sitzung zu Sitzung verschieden. Durch die sanfte Ber\u00fchrung wird eine absolute Tiefenentspannung hergestellt. Energie kann dadurch wieder flie\u00dfen, der Gedankenstrom wird beruhigt, Blockaden aufgel\u00f6st. Leichtigkeit und Freude wird empfunden, Selbstheilungskr\u00e4fte aktiviert.<\/p>\n<p>Preis pro Sitzung: 90,- \u20ac<\/p>\n\n\n<blockquote class=\"wp-block-quote is-layout-flow wp-block-quote-is-layout-flow\">\n<p>Unser Coaching ist keine Psychotherapie und kann den Arzt als solches nicht ersetzen. Wir machen auch keine Heilversprechen. Voraussetzung bei Klienten ist, eine normale psychische und physische Belastbarkeit.<\/p>\n<\/blockquote>\n\n\n\n<div class=\"wp-block-columns is-layout-flex wp-container-core-columns-is-layout-9d6595d7 wp-block-columns-is-layout-flex\">\n<div class=\"wp-block-column is-layout-flow wp-block-column-is-layout-flow\">\n<figure class=\"wp-block-image size-large\"><img loading=\"lazy\" decoding=\"async\" width=\"612\" height=\"408\" src=\"https:\/\/www.achtsam-coaching.de\/wp-content\/uploads\/2021\/03\/IMG_4093.png\" alt=\"\" class=\"wp-image-340\" srcset=\"https:\/\/www.achtsam-coaching.de\/wp-content\/uploads\/2021\/03\/IMG_4093.png 612w, https:\/\/www.achtsam-coaching.de\/wp-content\/uploads\/2021\/03\/IMG_4093-300x200.png 300w\" sizes=\"auto, (max-width: 612px) 100vw, 612px\" \/><\/figure>\n<\/div>\n\n\n\n<div class=\"wp-block-column is-layout-flow wp-block-column-is-layout-flow\">\n<figure class=\"wp-block-image size-large\"><img loading=\"lazy\" decoding=\"async\" width=\"612\" height=\"408\" src=\"https:\/\/www.achtsam-coaching.de\/wp-content\/uploads\/2021\/03\/IMG_4092.png\" alt=\"\" class=\"wp-image-339\" srcset=\"https:\/\/www.achtsam-coaching.de\/wp-content\/uploads\/2021\/03\/IMG_4092.png 612w, https:\/\/www.achtsam-coaching.de\/wp-content\/uploads\/2021\/03\/IMG_4092-300x200.png 300w\" sizes=\"auto, (max-width: 612px) 100vw, 612px\" \/><\/figure>\n<\/div>\n<\/div>\n","protected":false},"excerpt":{"rendered":"<p>Was sind die Access Bars? Access Bars sind eine sanfte Handauflege-Methode, die von Gary Douglas Anfang der 1990er Jahre eingef\u00fchrt wurde. Sie bestehen aus 32 Energiepunkten, die durch\u00a0 und um den Kopf laufen. Durch sanftes Ber\u00fchren der Punkte in verschiedenen Abfolgen wird die elektromagnetische\u00a0 Ladung freigegeben. So werden Komponente von Stress, Gef\u00fchlen, Gedanken, \u00dcberzeugungen die &hellip; <\/p>\n<p class=\"link-more\"><a href=\"https:\/\/www.achtsam-coaching.de\/?page_id=211\" class=\"more-link\"><span class=\"screen-reader-text\">\u201eAccess Bars\u201c <\/span>weiterlesen<\/a><\/p>\n","protected":false},"author":1,"featured_media":0,"parent":0,"menu_order":0,"comment_status":"closed","ping_status":"closed","template":"","meta":{"footnotes":""},"class_list":["post-211","page","type-page","status-publish","hentry"],"_links":{"self":[{"href":"https:\/\/www.achtsam-coaching.de\/index.php?rest_route=\/wp\/v2\/pages\/211","targetHints":{"allow":["GET"]}}],"collection":[{"href":"https:\/\/www.achtsam-coaching.de\/index.php?rest_route=\/wp\/v2\/pages"}],"about":[{"href":"https:\/\/www.achtsam-coaching.de\/index.php?rest_route=\/wp\/v2\/types\/page"}],"author":[{"embeddable":true,"href":"https:\/\/www.achtsam-coaching.de\/index.php?rest_route=\/wp\/v2\/users\/1"}],"replies":[{"embeddable":true,"href":"https:\/\/www.achtsam-coaching.de\/index.php?rest_route=%2Fwp%2Fv2%2Fcomments&post=211"}],"version-history":[{"count":6,"href":"https:\/\/www.achtsam-coaching.de\/index.php?rest_route=\/wp\/v2\/pages\/211\/revisions"}],"predecessor-version":[{"id":515,"href":"https:\/\/www.achtsam-coaching.de\/index.php?rest_route=\/wp\/v2\/pages\/211\/revisions\/515"}],"wp:attachment":[{"href":"https:\/\/www.achtsam-coaching.de\/index.php?rest_route=%2Fwp%2Fv2%2Fmedia&parent=211"}],"curies":[{"name":"wp","href":"https:\/\/api.w.org\/{rel}","templated":true}]}}