{"id":215,"date":"2021-02-10T20:57:47","date_gmt":"2021-02-10T20:57:47","guid":{"rendered":"https:\/\/www.achtsam-coaching.de\/?page_id=215"},"modified":"2021-07-31T21:51:40","modified_gmt":"2021-07-31T21:51:40","slug":"coaching","status":"publish","type":"page","link":"https:\/\/www.achtsam-coaching.de\/?page_id=215","title":{"rendered":"Coaching"},"content":{"rendered":"\n<p><strong>Coaching f\u00fcr Pers\u00f6nlichkeitsentwicklung<\/strong><\/p>\n\n\n\n<p>Jeder Mensch hat das Recht auf ein gl\u00fcckliches Leben. Was hindert dich gl\u00fccklich und zufrieden zu sein? Gibt es in deinem Leben etwas, das du gerne ver\u00e4ndern w\u00fcrdest? Oft sind es alte belastende Gedanken (Glaubenss\u00e4tze), die uns das Leben schwer machen.&nbsp; Wenn du Ver\u00e4nderung und mutige Schritte in eine Welt voller Freude und Leichtigkeit machen m\u00f6chtest, dann bist du bei uns richtig. Wir helfen dir neue Wege zu gehen und unterst\u00fctzen dich ein gl\u00fcckliches und erf\u00fclltes Leben zu f\u00fchren. Triff eine mutige Entscheidung und ver\u00e4ndere jetzt dein Leben.&nbsp;<\/p>\n\n\n\n<p>Zus\u00e4tzlich zum Coaching unterst\u00fctzten Massagen, oder Access Bars die Verarbeitung emotionaler&nbsp; Prozesse.<\/p>\n\n\n\n<p>Momentan bieten wir ein 3 monatiges Coaching\u2013Programm an um mehr in die Selbstliebe zu kommen, ohne sich abzulehnen , klein und minderwertig zu f\u00fchlen. Klarheit f\u00fcr sich und seine Themen in den unterschiedlichen Lebensbereiche, wie Familie, Partnerschaft, Gesundheit und K\u00f6rper, Beruf\/Berufung, Freunde &amp; soziale Kontakte zu bekommen.<\/p>\n\n\n\n<h2 class=\"wp-block-heading\"><strong>Rufen Sie uns an, wir beraten Sie gerne.<\/strong><\/h2>\n\n\n\n<p>Das 3 monatige Programm kostet 599,- \u20ac  Es beinhaltet die folgenden Leistungen:<\/p>\n\n\n\n<div class=\"wp-block-columns are-vertically-aligned-center is-layout-flex wp-container-core-columns-is-layout-9d6595d7 wp-block-columns-is-layout-flex\">\n<div class=\"wp-block-column is-vertically-aligned-center is-layout-flow wp-block-column-is-layout-flow\" style=\"flex-basis:100%\">\n<div class=\"wp-block-columns is-layout-flex wp-container-core-columns-is-layout-9d6595d7 wp-block-columns-is-layout-flex\">\n<div class=\"wp-block-column is-layout-flow wp-block-column-is-layout-flow\" style=\"flex-basis:100%\">\n<div class=\"wp-block-group\"><div class=\"wp-block-group__inner-container is-layout-flow wp-block-group-is-layout-flow\">\n<div class=\"wp-block-group\"><div class=\"wp-block-group__inner-container is-layout-flow wp-block-group-is-layout-flow\">\n<div class=\"wp-block-group\"><div class=\"wp-block-group__inner-container is-layout-flow wp-block-group-is-layout-flow\">\n<ul class=\"wp-block-list\"><li>Inventurgespr\u00e4ch; wo stehst du in deinem Leben<\/li><li>4 Coching Sitzungen<\/li><li>Reflexionsgespr\u00e4ch;  Bilanz deiner Erfolge<\/li><\/ul>\n<\/div><\/div>\n<\/div><\/div>\n<\/div><\/div>\n<\/div>\n<\/div>\n<\/div>\n<\/div>\n\n\n\n<p>Individuell auf deine Herausforderungen angepasst gehen wir aus den&nbsp; folgenden Themenbereichen auf Dich ein und legen deinen pers\u00f6nlichen Schwerpunkt fest. Ein Coaching auf dich ma\u00dfgeschneidert.<\/p>\n\n\n\n<div class=\"wp-block-group\"><div class=\"wp-block-group__inner-container is-layout-flow wp-block-group-is-layout-flow\">\n<p><strong>Themenbereiche:<\/strong><\/p>\n\n\n\n<div class=\"wp-block-group\">\n<div class=\"wp-block-group__inner-container\"><\/div>\n<\/div>\n\n\n\n<ul class=\"wp-block-list\"><li>Inventur <\/li><li>Deine Vision<\/li><li>Inneres Kind<\/li><li>Selbstliebe<\/li><li>Vergangenheit wird zur Weisheit<\/li><li>Mutter &amp; Vater Verstrickungen<\/li><li>Neues &amp; altes ich<\/li><li>Partnerschaft<\/li><li>Krankheit<\/li><li>Mangel und F\u00fclle<\/li><li>Urvertrauen<\/li><\/ul>\n\n\n\n<p><\/p>\n<\/div><\/div>\n\n\n\n<div class=\"wp-block-columns is-layout-flex wp-container-core-columns-is-layout-9d6595d7 wp-block-columns-is-layout-flex\">\n<div class=\"wp-block-column is-layout-flow wp-block-column-is-layout-flow\">\n<p><strong>Die Coaching Methode<\/strong><\/p>\n<\/div>\n\n\n\n<div class=\"wp-block-column is-layout-flow wp-block-column-is-layout-flow\">\n<figure class=\"wp-block-image size-large\"><img loading=\"lazy\" decoding=\"async\" width=\"1024\" height=\"776\" src=\"https:\/\/www.achtsam-coaching.de\/wp-content\/uploads\/2021\/02\/Logo_Lindemann_AchtsamCMYK-1-1024x776.png\" alt=\"\" class=\"wp-image-261\" srcset=\"https:\/\/www.achtsam-coaching.de\/wp-content\/uploads\/2021\/02\/Logo_Lindemann_AchtsamCMYK-1-1024x776.png 1024w, https:\/\/www.achtsam-coaching.de\/wp-content\/uploads\/2021\/02\/Logo_Lindemann_AchtsamCMYK-1-300x227.png 300w, https:\/\/www.achtsam-coaching.de\/wp-content\/uploads\/2021\/02\/Logo_Lindemann_AchtsamCMYK-1-768x582.png 768w, https:\/\/www.achtsam-coaching.de\/wp-content\/uploads\/2021\/02\/Logo_Lindemann_AchtsamCMYK-1.png 1485w\" sizes=\"auto, (max-width: 706px) 89vw, (max-width: 767px) 82vw, 740px\" \/><\/figure>\n<\/div>\n<\/div>\n\n\n\n<p>Die liegende Acht ist eine weltweit einzigartige Coaching-Methode, die Christina und Walter vor einigen Jahren selbst entwickelt haben. Sie vereint die R\u00fcckschau in deine Vergangenheit (tiefenpsychologisches Arbeiten) mit der Vorschau in deine Zukunft (Erkenntnisse aus der Hirnforschung, Quantenphysik und moderner Visionsarbeit). Dadurch lenkst du die freigewordene Energie aus gel\u00f6sten Blockaden hin zu dem, was du wirklich in dein Leben ziehen willst.<\/p>\n\n\n\n<p>Kurz: Diese Methode verbindet urs\u00e4chliches Arbeiten \u2013 \u201eWarum du so bist wie du bist\u201c \u2013 mit Visionsarbeit \u2013 &#8222;Wie wirst du so wie du sein willst?&#8220;.<\/p>\n\n\n\n<figure class=\"wp-block-image size-large\"><img loading=\"lazy\" decoding=\"async\" width=\"768\" height=\"593\" src=\"https:\/\/www.achtsam-coaching.de\/wp-content\/uploads\/2021\/02\/liegende_8_FINAL-768x593-3.jpg\" alt=\"\" class=\"wp-image-220\" srcset=\"https:\/\/www.achtsam-coaching.de\/wp-content\/uploads\/2021\/02\/liegende_8_FINAL-768x593-3.jpg 768w, https:\/\/www.achtsam-coaching.de\/wp-content\/uploads\/2021\/02\/liegende_8_FINAL-768x593-3-300x232.jpg 300w\" sizes=\"auto, (max-width: 706px) 89vw, (max-width: 767px) 82vw, 740px\" \/><\/figure>\n\n\n\n<p><strong>Ablauf eines Coaching:<\/strong><br>Ich f\u00fchre dich achtsam mit der Methode der \u201eLiegenden Acht\u201c durch die Coaching-Sitzung, lasse dich deine Gef\u00fchle, wie Angst, Trauer, Wut oder Ohnmacht auf eine ganz besondere Art neu entdecken um dadurch mehr Energie, Freude und Leichtigkeit in dein Leben zu holen.<\/p>\n\n\n\n<p>Deine Vorteile:<br>zeitlich und r\u00e4umlich flexibel<br>kein Programm n\u00f6tig<br>Teilnahme per Handy, Tablet oder Laptop\/PC<br>kurzfristige Terminvergabe<br>Akut-Hilfe<\/p>\n\n\n\n<div class=\"wp-block-columns is-layout-flex wp-container-core-columns-is-layout-9d6595d7 wp-block-columns-is-layout-flex\">\n<div class=\"wp-block-column is-layout-flow wp-block-column-is-layout-flow\">\n<figure class=\"wp-block-image size-large\"><img loading=\"lazy\" decoding=\"async\" width=\"1024\" height=\"1024\" src=\"https:\/\/www.achtsam-coaching.de\/wp-content\/uploads\/2021\/02\/Headcoach-Signet-4-1-1024x1024.png\" alt=\"\" class=\"wp-image-221\" srcset=\"https:\/\/www.achtsam-coaching.de\/wp-content\/uploads\/2021\/02\/Headcoach-Signet-4-1-1024x1024.png 1024w, https:\/\/www.achtsam-coaching.de\/wp-content\/uploads\/2021\/02\/Headcoach-Signet-4-1-300x300.png 300w, https:\/\/www.achtsam-coaching.de\/wp-content\/uploads\/2021\/02\/Headcoach-Signet-4-1-150x150.png 150w, https:\/\/www.achtsam-coaching.de\/wp-content\/uploads\/2021\/02\/Headcoach-Signet-4-1-768x768.png 768w, https:\/\/www.achtsam-coaching.de\/wp-content\/uploads\/2021\/02\/Headcoach-Signet-4-1-100x100.png 100w, https:\/\/www.achtsam-coaching.de\/wp-content\/uploads\/2021\/02\/Headcoach-Signet-4-1.png 1080w\" sizes=\"auto, (max-width: 706px) 89vw, (max-width: 767px) 82vw, 740px\" \/><\/figure>\n<\/div>\n\n\n\n<div class=\"wp-block-column is-layout-flow wp-block-column-is-layout-flow\">\n<p><\/p>\n\n\n\n<p><\/p>\n\n\n\n<figure class=\"wp-block-image size-large\"><img loading=\"lazy\" decoding=\"async\" width=\"450\" height=\"140\" src=\"https:\/\/www.achtsam-coaching.de\/wp-content\/uploads\/2021\/02\/inspriations_c-1.png\" alt=\"\" class=\"wp-image-222\"\/><\/figure>\n<\/div>\n<\/div>\n\n\n\n<div class=\"wp-block-columns is-layout-flex wp-container-core-columns-is-layout-9d6595d7 wp-block-columns-is-layout-flex\">\n<div class=\"wp-block-column is-layout-flow wp-block-column-is-layout-flow\"><\/div>\n\n\n\n<div class=\"wp-block-column is-layout-flow wp-block-column-is-layout-flow\"><\/div>\n<\/div>\n\n\n\n<p>Preis pro Sitzung: 120,00\u20ac<\/p>\n\n\n\n<blockquote class=\"wp-block-quote is-layout-flow wp-block-quote-is-layout-flow\"><p>Unser Coaching ist keine Psychotherapie und kann den Arzt als solches nicht ersetzen. Wir machen auch keine Heilversprechen. Voraussetzung bei Klienten ist, eine normale psychische und physische Belastbarkeit.<\/p><\/blockquote>\n\n\n<style type=\"text\/css\">\n#foogallery-gallery-333.fg-masonry .fg-item { width: 150px; }\n#foogallery-gallery-333.fg-masonry { --fg-gutter: 10px; }<\/style>\n\t\t\t<div class=\"foogallery foogallery-container foogallery-masonry foogallery-lightbox-none fg-center fg-masonry fg-ready fg-dark fg-shadow-small fg-loading-default fg-loaded-fade-in fg-captions-bottom fg-hover-fade fg-hover-plus fg-fixed\" id=\"foogallery-gallery-333\" data-foogallery=\"{&quot;item&quot;:{&quot;showCaptionTitle&quot;:true,&quot;showCaptionDescription&quot;:true},&quot;lazy&quot;:true,&quot;template&quot;:{&quot;columnWidth&quot;:150,&quot;gutter&quot;:10}}\" style=\"--fg-title-line-clamp: 0; --fg-description-line-clamp: 0;\" >\n\t\t<div class=\"fg-item fg-type-image fg-idle\"><figure class=\"fg-item-inner\"><a href=\"https:\/\/www.achtsam-coaching.de\/wp-content\/uploads\/2021\/03\/IMG_4091.png\" data-attachment-id=\"334\" data-type=\"image\" class=\"fg-thumb\"><span class=\"fg-image-wrap\"><img decoding=\"async\" width=\"150\" height=\"100\" class=\"skip-lazy fg-image\" data-src-fg=\"https:\/\/www.achtsam-coaching.de\/wp-content\/uploads\/cache\/2021\/03\/IMG_4091\/1345005510.png\" src=\"data:image\/svg+xml,%3Csvg%20xmlns%3D%22http%3A%2F%2Fwww.w3.org%2F2000%2Fsvg%22%20width%3D%22150%22%20height%3D%22100%22%20viewBox%3D%220%200%20150%20100%22%3E%3C%2Fsvg%3E\" loading=\"eager\"><\/span><span class=\"fg-image-overlay\"><\/span><\/a><\/figure><div class=\"fg-loader\"><\/div><\/div><div class=\"fg-item fg-type-image fg-idle\"><figure class=\"fg-item-inner\"><a href=\"https:\/\/www.achtsam-coaching.de\/wp-content\/uploads\/2021\/03\/IMG_4095.png\" data-attachment-id=\"336\" data-type=\"image\" class=\"fg-thumb\"><span class=\"fg-image-wrap\"><img decoding=\"async\" width=\"150\" height=\"225\" class=\"skip-lazy fg-image\" data-src-fg=\"https:\/\/www.achtsam-coaching.de\/wp-content\/uploads\/cache\/2021\/03\/IMG_4095\/2244675153.png\" src=\"data:image\/svg+xml,%3Csvg%20xmlns%3D%22http%3A%2F%2Fwww.w3.org%2F2000%2Fsvg%22%20width%3D%22150%22%20height%3D%22225%22%20viewBox%3D%220%200%20150%20225%22%3E%3C%2Fsvg%3E\" loading=\"eager\"><\/span><span class=\"fg-image-overlay\"><\/span><\/a><\/figure><div class=\"fg-loader\"><\/div><\/div><div class=\"fg-item fg-type-image fg-idle\"><figure class=\"fg-item-inner\"><a href=\"https:\/\/www.achtsam-coaching.de\/wp-content\/uploads\/2021\/03\/IMG_4094.png\" data-attachment-id=\"335\" data-type=\"image\" class=\"fg-thumb\"><span class=\"fg-image-wrap\"><img decoding=\"async\" width=\"150\" height=\"225\" class=\"skip-lazy fg-image\" data-src-fg=\"https:\/\/www.achtsam-coaching.de\/wp-content\/uploads\/cache\/2021\/03\/IMG_4094\/3718692148.png\" src=\"data:image\/svg+xml,%3Csvg%20xmlns%3D%22http%3A%2F%2Fwww.w3.org%2F2000%2Fsvg%22%20width%3D%22150%22%20height%3D%22225%22%20viewBox%3D%220%200%20150%20225%22%3E%3C%2Fsvg%3E\" loading=\"eager\"><\/span><span class=\"fg-image-overlay\"><\/span><\/a><\/figure><div class=\"fg-loader\"><\/div><\/div><div class=\"fg-item fg-type-image fg-idle\"><figure class=\"fg-item-inner\"><a href=\"https:\/\/www.achtsam-coaching.de\/wp-content\/uploads\/2021\/02\/IMG_20201023_111316-scaled.jpeg\" data-attachment-id=\"225\" data-type=\"image\" class=\"fg-thumb\"><span class=\"fg-image-wrap\"><img decoding=\"async\" width=\"150\" height=\"109\" class=\"skip-lazy fg-image\" data-src-fg=\"https:\/\/www.achtsam-coaching.de\/wp-content\/uploads\/cache\/2021\/02\/IMG_20201023_111316-scaled\/4091993334.jpeg\" src=\"data:image\/svg+xml,%3Csvg%20xmlns%3D%22http%3A%2F%2Fwww.w3.org%2F2000%2Fsvg%22%20width%3D%22150%22%20height%3D%22109%22%20viewBox%3D%220%200%20150%20109%22%3E%3C%2Fsvg%3E\" loading=\"eager\"><\/span><span class=\"fg-image-overlay\"><\/span><\/a><\/figure><div class=\"fg-loader\"><\/div><\/div><div class=\"fg-item fg-type-image fg-idle\"><figure class=\"fg-item-inner\"><a href=\"https:\/\/www.achtsam-coaching.de\/wp-content\/uploads\/2021\/03\/Thomas-Lindemann-ICF-Pruefung-ICF-Zertifikat-Greator-Kurse.pdf\" data-attachment-id=\"396\" data-type=\"image\" class=\"fg-thumb\"><span class=\"fg-image-wrap\"><img width=\"150\" class=\"skip-lazy fg-image\" data-src-fg=\"https:\/\/www.achtsam-coaching.de\/wp-content\/uploads\/2021\/03\/Thomas-Lindemann-ICF-Pruefung-ICF-Zertifikat-Greator-Kurse.pdf\" loading=\"eager\"><\/span><span class=\"fg-image-overlay\"><\/span><\/a><\/figure><div class=\"fg-loader\"><\/div><\/div><\/div>\n\n\n<div class=\"wp-block-media-text alignwide is-stacked-on-mobile\"><figure class=\"wp-block-media-text__media\"><img loading=\"lazy\" decoding=\"async\" width=\"480\" height=\"480\" src=\"https:\/\/www.achtsam-coaching.de\/wp-content\/uploads\/2021\/07\/Greator-Coach-Ambassador-1.png\" alt=\"\" class=\"wp-image-391 size-full\" srcset=\"https:\/\/www.achtsam-coaching.de\/wp-content\/uploads\/2021\/07\/Greator-Coach-Ambassador-1.png 480w, https:\/\/www.achtsam-coaching.de\/wp-content\/uploads\/2021\/07\/Greator-Coach-Ambassador-1-300x300.png 300w, https:\/\/www.achtsam-coaching.de\/wp-content\/uploads\/2021\/07\/Greator-Coach-Ambassador-1-150x150.png 150w, https:\/\/www.achtsam-coaching.de\/wp-content\/uploads\/2021\/07\/Greator-Coach-Ambassador-1-100x100.png 100w\" sizes=\"auto, (max-width: 480px) 100vw, 480px\" \/><\/figure><div class=\"wp-block-media-text__content\">\n<p style=\"font-size:18px\">Interesse an der GreatorCoach Ausbildung? Hier zum kostenlosen Kennenlerngespr\u00e4ch: <a href=\"https:\/\/vrlps.co\/Bmdbz4z\/cp\">https:\/\/vrlps.co\/Bmdbz4z\/cp<\/a><\/p>\n<\/div><\/div>\n\n\n\n<figure class=\"wp-block-image size-large\"><img decoding=\"async\" src=\"blob:https:\/\/www.achtsam-coaching.de\/0b3399d3-ccdc-48bb-afbb-feb1d59ae2c7\" alt=\"\"\/><\/figure>\n","protected":false},"excerpt":{"rendered":"<p>Coaching f\u00fcr Pers\u00f6nlichkeitsentwicklung Jeder Mensch hat das Recht auf ein gl\u00fcckliches Leben. Was hindert dich gl\u00fccklich und zufrieden zu sein? Gibt es in deinem Leben etwas, das du gerne ver\u00e4ndern w\u00fcrdest? Oft sind es alte belastende Gedanken (Glaubenss\u00e4tze), die uns das Leben schwer machen.&nbsp; Wenn du Ver\u00e4nderung und mutige Schritte in eine Welt voller Freude &hellip; <\/p>\n<p class=\"link-more\"><a href=\"https:\/\/www.achtsam-coaching.de\/?page_id=215\" class=\"more-link\"><span class=\"screen-reader-text\">\u201eCoaching\u201c <\/span>weiterlesen<\/a><\/p>\n","protected":false},"author":1,"featured_media":0,"parent":0,"menu_order":0,"comment_status":"closed","ping_status":"closed","template":"","meta":{"footnotes":""},"class_list":["post-215","page","type-page","status-publish","hentry"],"_links":{"self":[{"href":"https:\/\/www.achtsam-coaching.de\/index.php?rest_route=\/wp\/v2\/pages\/215","targetHints":{"allow":["GET"]}}],"collection":[{"href":"https:\/\/www.achtsam-coaching.de\/index.php?rest_route=\/wp\/v2\/pages"}],"about":[{"href":"https:\/\/www.achtsam-coaching.de\/index.php?rest_route=\/wp\/v2\/types\/page"}],"author":[{"embeddable":true,"href":"https:\/\/www.achtsam-coaching.de\/index.php?rest_route=\/wp\/v2\/users\/1"}],"replies":[{"embeddable":true,"href":"https:\/\/www.achtsam-coaching.de\/index.php?rest_route=%2Fwp%2Fv2%2Fcomments&post=215"}],"version-history":[{"count":13,"href":"https:\/\/www.achtsam-coaching.de\/index.php?rest_route=\/wp\/v2\/pages\/215\/revisions"}],"predecessor-version":[{"id":397,"href":"https:\/\/www.achtsam-coaching.de\/index.php?rest_route=\/wp\/v2\/pages\/215\/revisions\/397"}],"wp:attachment":[{"href":"https:\/\/www.achtsam-coaching.de\/index.php?rest_route=%2Fwp%2Fv2%2Fmedia&parent=215"}],"curies":[{"name":"wp","href":"https:\/\/api.w.org\/{rel}","templated":true}]}}