{"id":251,"date":"2021-02-10T21:29:14","date_gmt":"2021-02-10T21:29:14","guid":{"rendered":"https:\/\/www.achtsam-coaching.de\/?page_id=251"},"modified":"2021-05-25T21:13:56","modified_gmt":"2021-05-25T21:13:56","slug":"kontakt","status":"publish","type":"page","link":"https:\/\/www.achtsam-coaching.de\/?page_id=251","title":{"rendered":"Kontakt"},"content":{"rendered":"\n<p>Achtsam Coaching Tanja &amp; Thomas Lindemann Hochstadter Str. 16<br>76879 Essingen<br><strong>Tel.:<\/strong>&nbsp;06347 \/ 700274<br><strong>Mobil \/ WhatsApp:<\/strong>&nbsp;0170-1612987<br><strong>email<\/strong>:&nbsp;<a href=\"mailto:\">tanja@achtsam-coaching.de<\/a><\/p>\n\n\n\n<p><strong>email<\/strong>:&nbsp;<a href=\"mailto:\">thomas@achtsam-coaching.de<\/a><\/p>\n\n\n\n<p>Melden Sie sich gerne unverbindlich zu einem kostenlosen Beratungsgespr\u00e4ch. <\/p>\n\n\n\n<h2 class=\"wp-block-heading\">Hier &#8222;Tanja&#8220; buchen \u00fcber das Online Buchungsportal.<\/h2>\n\n\n\n<!-- Calendly Inline-Widget Beginn -->\n<div class=\"calendly-inline-widget\" data-url=\"https:\/\/calendly.com\/tanja-lindemann\/coaching-sitzung?hide_event_type_details=1&#038;hide_gdpr_banner=1\" style=\"min-width:320px;height:630px;\"><\/div>\n<script type=\"text\/javascript\" src=\"https:\/\/assets.calendly.com\/assets\/external\/widget.js\" async><\/script>\n<!-- Calendly Inline-Widget Ende -->\n\n\n\n<p><\/p>\n\n\n\n<h2 class=\"wp-block-heading\">Hier &#8222;Thomas&#8220; buchen \u00fcber das Online Buchungsportal.<\/h2>\n\n\n\n<!-- Calendly Inline-Widget Beginn -->\n<div class=\"calendly-inline-widget\" data-url=\"https:\/\/calendly.com\/thomas-lindemann\/coaching-sitzung?hide_event_type_details=1&#038;hide_gdpr_banner=1\" style=\"min-width:320px;height:630px;\"><\/div>\n<script type=\"text\/javascript\" src=\"https:\/\/assets.calendly.com\/assets\/external\/widget.js\" async><\/script>\n<!-- Calendly Inline-Widget Ende -->\n\n\n\n<p><\/p>\n","protected":false},"excerpt":{"rendered":"<p>Achtsam Coaching Tanja &amp; Thomas Lindemann Hochstadter Str. 1676879 EssingenTel.:&nbsp;06347 \/ 700274Mobil \/ WhatsApp:&nbsp;0170-1612987email:&nbsp;tanja@achtsam-coaching.de email:&nbsp;thomas@achtsam-coaching.de Melden Sie sich gerne unverbindlich zu einem kostenlosen Beratungsgespr\u00e4ch. Hier &#8222;Tanja&#8220; buchen \u00fcber das Online Buchungsportal. Hier &#8222;Thomas&#8220; buchen \u00fcber das Online Buchungsportal.<\/p>\n","protected":false},"author":1,"featured_media":0,"parent":0,"menu_order":0,"comment_status":"closed","ping_status":"closed","template":"","meta":{"footnotes":""},"class_list":["post-251","page","type-page","status-publish","hentry"],"_links":{"self":[{"href":"https:\/\/www.achtsam-coaching.de\/index.php?rest_route=\/wp\/v2\/pages\/251","targetHints":{"allow":["GET"]}}],"collection":[{"href":"https:\/\/www.achtsam-coaching.de\/index.php?rest_route=\/wp\/v2\/pages"}],"about":[{"href":"https:\/\/www.achtsam-coaching.de\/index.php?rest_route=\/wp\/v2\/types\/page"}],"author":[{"embeddable":true,"href":"https:\/\/www.achtsam-coaching.de\/index.php?rest_route=\/wp\/v2\/users\/1"}],"replies":[{"embeddable":true,"href":"https:\/\/www.achtsam-coaching.de\/index.php?rest_route=%2Fwp%2Fv2%2Fcomments&post=251"}],"version-history":[{"count":7,"href":"https:\/\/www.achtsam-coaching.de\/index.php?rest_route=\/wp\/v2\/pages\/251\/revisions"}],"predecessor-version":[{"id":386,"href":"https:\/\/www.achtsam-coaching.de\/index.php?rest_route=\/wp\/v2\/pages\/251\/revisions\/386"}],"wp:attachment":[{"href":"https:\/\/www.achtsam-coaching.de\/index.php?rest_route=%2Fwp%2Fv2%2Fmedia&parent=251"}],"curies":[{"name":"wp","href":"https:\/\/api.w.org\/{rel}","templated":true}]}}