{"id":398,"date":"2021-08-05T20:47:16","date_gmt":"2021-08-05T20:47:16","guid":{"rendered":"https:\/\/www.achtsam-coaching.de\/?page_id=398"},"modified":"2021-09-11T22:11:46","modified_gmt":"2021-09-11T22:11:46","slug":"heroesforheroes","status":"publish","type":"page","link":"https:\/\/www.achtsam-coaching.de\/?page_id=398","title":{"rendered":"Heroes*for*Heroes"},"content":{"rendered":"\n<figure class=\"wp-block-image size-full is-resized\"><img loading=\"lazy\" decoding=\"async\" src=\"https:\/\/www.achtsam-coaching.de\/wp-content\/uploads\/2021\/08\/HeroesforHeroes-1.png\" alt=\"\" class=\"wp-image-403\" width=\"497\" height=\"497\" srcset=\"https:\/\/www.achtsam-coaching.de\/wp-content\/uploads\/2021\/08\/HeroesforHeroes-1.png 663w, https:\/\/www.achtsam-coaching.de\/wp-content\/uploads\/2021\/08\/HeroesforHeroes-1-300x300.png 300w, https:\/\/www.achtsam-coaching.de\/wp-content\/uploads\/2021\/08\/HeroesforHeroes-1-150x150.png 150w, https:\/\/www.achtsam-coaching.de\/wp-content\/uploads\/2021\/08\/HeroesforHeroes-1-100x100.png 100w\" sizes=\"auto, (max-width: 497px) 100vw, 497px\" \/><\/figure>\n\n\n<table style=\"height: 5px;\" width=\"768\">\n<tbody>\n<tr>\n<td width=\"64\">&nbsp;<\/td>\n<\/tr>\n<\/tbody>\n<\/table>\n<p><strong>&#8230;denn Helden wachsen gemeinsam.<\/strong><\/p>\n<p>Sch\u00f6n, dass du da bist!<\/p>\n<p>Ich freue mich, dass du bei Heroes for Heroes gest\u00f6bert hast und mich als deinen Coach aus- gew\u00e4hlt hast. Du bist deinem ersten Impuls gefolgt und hast auf dein Herz geh\u00f6rt, dir jetzt endlich Unterst\u00fctzung zu suchen. Dazu erstmal meine Anerkennung! Du willst deinem Leben eine neue Richtung geben und es freut mich, dich ein St\u00fcck auf deinem Weg zu begleiten.<\/p>\n<h4>Hierbei kann ich dich unterst\u00fctzen:<\/h4>\n<p>Vielleicht w\u00fcnscht du dir eine wundervoll erf\u00fcllende Partnerschaft mit tiefer Verbundenheit wo du dich rund um wohlf\u00fchlst, du dich einfach fallen lassen kannst und der sein kannst der du bist? Du bereit daf\u00fcr bist, aber irgendwas in dir ist, was dich bremst, du nicht der bist der du sein willst? Vielleicht ist da auch was wo du nicht ganz so zufrieden mit dir selbst bist, sozusagen du mit dir, deine Beziehung mit dir? Hierbei zeige ich dir Wege auf, dass du dein ganzes Potenzial was in dir Steckt mehr und mehr in deinen Alltag kommt, du deine Bremsen l\u00f6st und du deine Herzensw\u00fcnsche lebst.<\/p>\n<h4>Ich bin ein Hero, weil:<\/h4>\n<p>ich f\u00fcr mich erfahren durfte, egal wie katastrophal meine Kindheit auch war, dass das Leben es gut mit uns meint und wir mehr und mehr uns selbst Vertrauen schenken. Vertraue dir, deinen St\u00e4rken und auch dein Leben ver\u00e4ndert sich zum positiven.<\/p>\n<p><\/p>\n<h1><strong>Wie l\u00e4uft das jetzt mit dem Coaching?<\/strong><\/h1>\n<h4>Schritt 1:<\/h4>\n<p>Buche gerne einen Termin f\u00fcr ein erstes Gespr\u00e4ch, indem wir beide die M\u00f6glichkeit haben, uns gegenseitig kennenzulernen.<\/p>\n<p>Hier ist der Link: <a href=\"https:\/\/calendly.com\/thomas-lindemann\/coaching-sitzung\">https:\/\/calendly.com\/thomas-lindemann\/coaching-sitzung<\/a><\/p>\n<h4>Schritt 2:<\/h4>\n<p>Wenn Du nach dem ersten kennen lernen Lust auf ein Coaching mit mir bekommen hast, dann vereinbaren wir einen gemeinsamen Termin oder du buchst dir diesen f\u00fcr unsere 1. Coaching Sitzung. Das Coaching dauert zwischen 60 und max. 90 Minuten und kann online oder auch in meiner Praxis in Essingen stattfinden.<\/p>\n<h4>Schritt 3:<\/h4>\n<p>Am vereinbarten Tag treffen wir uns dann entweder online oder offline. F\u00fcr das Online Coaching folge einfach dem Zoom-Link, den ich Dir vor Beginn der Sitzung zuschicke. Es ist keine Software oder \u00e4hnliches herunterzuladen, hilfreich ist wenn du aber Zoom bereits installiert hast. Du kannst entweder mit dem Handy teilnehmen oder einem Notebook\/PC und einer WebCam).<\/p>\n<h3>Wichtig!<\/h3>\n<h4>Nat\u00fcrlich brauche ich, sofern du noch nicht vollj\u00e4hrig bist, auch noch die Einverst\u00e4ndniserkl\u00e4rung deiner Eltern, dass du mit mir arbeiten kannst.<\/h4>\n\n\n<div class=\"wp-block-file\"><a href=\"https:\/\/www.achtsam-coaching.de\/wp-content\/uploads\/2021\/09\/coaching-einverstaendniserklaerung.pdf\" target=\"_blank\" rel=\"noreferrer noopener\">Einverstaendniserklaerung<\/a><a href=\"https:\/\/www.achtsam-coaching.de\/wp-content\/uploads\/2021\/09\/coaching-einverstaendniserklaerung.pdf\" class=\"wp-block-file__button\" download>Herunterladen<\/a><\/div>\n","protected":false},"excerpt":{"rendered":"<p>&nbsp; &#8230;denn Helden wachsen gemeinsam. Sch\u00f6n, dass du da bist! Ich freue mich, dass du bei Heroes for Heroes gest\u00f6bert hast und mich als deinen Coach aus- gew\u00e4hlt hast. Du bist deinem ersten Impuls gefolgt und hast auf dein Herz geh\u00f6rt, dir jetzt endlich Unterst\u00fctzung zu suchen. Dazu erstmal meine Anerkennung! Du willst deinem Leben &hellip; <\/p>\n<p class=\"link-more\"><a href=\"https:\/\/www.achtsam-coaching.de\/?page_id=398\" class=\"more-link\"><span class=\"screen-reader-text\">\u201eHeroes*for*Heroes\u201c <\/span>weiterlesen<\/a><\/p>\n","protected":false},"author":1,"featured_media":0,"parent":0,"menu_order":0,"comment_status":"closed","ping_status":"closed","template":"","meta":{"footnotes":""},"class_list":["post-398","page","type-page","status-publish","hentry"],"_links":{"self":[{"href":"https:\/\/www.achtsam-coaching.de\/index.php?rest_route=\/wp\/v2\/pages\/398","targetHints":{"allow":["GET"]}}],"collection":[{"href":"https:\/\/www.achtsam-coaching.de\/index.php?rest_route=\/wp\/v2\/pages"}],"about":[{"href":"https:\/\/www.achtsam-coaching.de\/index.php?rest_route=\/wp\/v2\/types\/page"}],"author":[{"embeddable":true,"href":"https:\/\/www.achtsam-coaching.de\/index.php?rest_route=\/wp\/v2\/users\/1"}],"replies":[{"embeddable":true,"href":"https:\/\/www.achtsam-coaching.de\/index.php?rest_route=%2Fwp%2Fv2%2Fcomments&post=398"}],"version-history":[{"count":16,"href":"https:\/\/www.achtsam-coaching.de\/index.php?rest_route=\/wp\/v2\/pages\/398\/revisions"}],"predecessor-version":[{"id":445,"href":"https:\/\/www.achtsam-coaching.de\/index.php?rest_route=\/wp\/v2\/pages\/398\/revisions\/445"}],"wp:attachment":[{"href":"https:\/\/www.achtsam-coaching.de\/index.php?rest_route=%2Fwp%2Fv2%2Fmedia&parent=398"}],"curies":[{"name":"wp","href":"https:\/\/api.w.org\/{rel}","templated":true}]}}