{"id":446,"date":"2021-09-14T19:54:27","date_gmt":"2021-09-14T19:54:27","guid":{"rendered":"https:\/\/www.achtsam-coaching.de\/?page_id=446"},"modified":"2023-07-18T06:58:20","modified_gmt":"2023-07-18T06:58:20","slug":"greator-coach-ambassador","status":"publish","type":"page","link":"https:\/\/www.achtsam-coaching.de\/?page_id=446","title":{"rendered":"Greator Coach Ambassador"},"content":{"rendered":"<div class=\"wp-block-image is-style-default\">\n<figure class=\"aligncenter size-full\"><img loading=\"lazy\" decoding=\"async\" width=\"370\" height=\"535\" src=\"https:\/\/www.achtsam-coaching.de\/wp-content\/uploads\/2021\/09\/Badge_Universal_Use.png\" alt=\"\" class=\"wp-image-451\" srcset=\"https:\/\/www.achtsam-coaching.de\/wp-content\/uploads\/2021\/09\/Badge_Universal_Use.png 370w, https:\/\/www.achtsam-coaching.de\/wp-content\/uploads\/2021\/09\/Badge_Universal_Use-207x300.png 207w\" sizes=\"auto, (max-width: 370px) 100vw, 370px\" \/><\/figure>\n<\/div>\n\n<h1>DIE METHODE:<\/h1>\n<p><strong>Die liegende Acht, Ist-Zustand, Ursprung, Vision.<\/strong><br>Die liegende Acht ist eine weltweit einzigartige Coaching-Methode, die die Coaches<br>Christina und Walter Hommelsheim vor einigen Jahren selbst entwickelt haben.<br>Sie vereint die R\u00fcckschau in deine Vergangenheit (tiefenpsychologisches Arbeiten) mit<br>der Vorschau in deine Zukunft (Erkenntnisse aus der Hirnforschung und moderner<br>Visionsarbeit). Du l\u00f6st also deine Blockaden, aktivierst deine Kr\u00e4fte und gestaltest dann<br>deine Zukunft.<\/p>\n\n\n<figure class=\"wp-block-image size-full\"><img loading=\"lazy\" decoding=\"async\" width=\"768\" height=\"593\" src=\"https:\/\/www.achtsam-coaching.de\/wp-content\/uploads\/2021\/02\/liegende_8_FINAL-768x593-3.jpg\" alt=\"\" class=\"wp-image-220\" srcset=\"https:\/\/www.achtsam-coaching.de\/wp-content\/uploads\/2021\/02\/liegende_8_FINAL-768x593-3.jpg 768w, https:\/\/www.achtsam-coaching.de\/wp-content\/uploads\/2021\/02\/liegende_8_FINAL-768x593-3-300x232.jpg 300w\" sizes=\"auto, (max-width: 706px) 89vw, (max-width: 767px) 82vw, 740px\" \/><\/figure>\n\n\n<h1>DIE AUSBILDER:<\/h1>\n<p><strong>Christina und Walter Hommelsheim. \u00dcber 20 Jahre Erfahrung.<\/strong><\/p>\n\n\n<div class=\"wp-block-columns is-layout-flex wp-container-core-columns-is-layout-9d6595d7 wp-block-columns-is-layout-flex\">\n<div class=\"wp-block-column is-layout-flow wp-block-column-is-layout-flow\" style=\"flex-basis:100%\">\n<figure class=\"wp-block-gallery has-nested-images columns-default is-cropped wp-block-gallery-1 is-layout-flex wp-block-gallery-is-layout-flex\">\n<figure class=\"wp-block-image size-large\"><img loading=\"lazy\" decoding=\"async\" width=\"1024\" height=\"683\" data-id=\"453\" src=\"https:\/\/www.achtsam-coaching.de\/wp-content\/uploads\/2021\/09\/Christina-und-Walter-1-1024x683.jpg\" alt=\"\" class=\"wp-image-453\" srcset=\"https:\/\/www.achtsam-coaching.de\/wp-content\/uploads\/2021\/09\/Christina-und-Walter-1-1024x683.jpg 1024w, https:\/\/www.achtsam-coaching.de\/wp-content\/uploads\/2021\/09\/Christina-und-Walter-1-300x200.jpg 300w, https:\/\/www.achtsam-coaching.de\/wp-content\/uploads\/2021\/09\/Christina-und-Walter-1-768x512.jpg 768w, https:\/\/www.achtsam-coaching.de\/wp-content\/uploads\/2021\/09\/Christina-und-Walter-1-1536x1024.jpg 1536w, https:\/\/www.achtsam-coaching.de\/wp-content\/uploads\/2021\/09\/Christina-und-Walter-1-2048x1365.jpg 2048w\" sizes=\"auto, (max-width: 706px) 89vw, (max-width: 767px) 82vw, 740px\" \/><\/figure>\n\n\n\n<figure class=\"wp-block-image size-large\"><img loading=\"lazy\" decoding=\"async\" width=\"1000\" height=\"667\" data-id=\"454\" src=\"https:\/\/www.achtsam-coaching.de\/wp-content\/uploads\/2021\/09\/Christina-und-Walter-2.jpg\" alt=\"\" class=\"wp-image-454\" srcset=\"https:\/\/www.achtsam-coaching.de\/wp-content\/uploads\/2021\/09\/Christina-und-Walter-2.jpg 1000w, https:\/\/www.achtsam-coaching.de\/wp-content\/uploads\/2021\/09\/Christina-und-Walter-2-300x200.jpg 300w, https:\/\/www.achtsam-coaching.de\/wp-content\/uploads\/2021\/09\/Christina-und-Walter-2-768x512.jpg 768w\" sizes=\"auto, (max-width: 706px) 89vw, (max-width: 767px) 82vw, 740px\" \/><\/figure>\n<\/figure>\n<\/div>\n<\/div>\n\n\n<p>Christina und Walter Hommelsheim leiten dich durch die Greator Coach Ausbildung. Seit<br>\u00fcber 20 Jahren begleiten sie Menschen dabei, ihr volles Potential zu entfalten.<br>Sie sind beide selbst durch ganz unterschiedliche, tiefe Krisen gegangen \u2013 und haben auf<br>ihrem Weg ihr eigenes, selbstbestimmtes und gl\u00fcckliches Leben bewusst erschaffen. Sie<br>lieben es, Menschen zu inspirieren und sie dabei zu begleiten, ihr Leben neu auszurichten.<br>Zu ihren Qualifikationen za\u0308hlen u. a.: der \u201eHeilpraktiker Psych\u201c, \u201eNLP Trainer und Coach\u201c<br>(n. R. Bandler), Gestalttherapie (5 Jahre, Da\u0308umling Institut Bonn), systemisches Coaching<br>(Sieger Consulting) und vieles mehr.<br>Sie wissen also genau, wovon sie sprechen. Ihre gesammelten Kenntnisse und<br>Erfahrungen haben sie in der Methode der liegenden Acht geb\u00fcndelt.<\/p>\n<h1>DIE GREATOR COACH AUSBILDUNG<\/h1>\n<p><strong>Eigene Blockaden l\u00f6sen und Lebens-Helfer f\u00fcr andere sein.<\/strong><br>Im ersten Teil der Ausbildung geht es nur um dich. Die ersten 3 Monaten sind daf\u00fcr da,<br>dass du zun\u00e4chst deine eigenen Probleme und Blockaden l\u00f6st. Denn ein guter Coach<br>darf auch zuerst seine eigenen Themen anschauen. Die Coach Ausbildung ist online und<br>in jeder Woche erwarten dich Videos, Workbooks und Meditationen.<br>Darauf aufbauend lernst du in den n\u00e4chsten 6 Monaten die Werkzeuge, Techniken und<br>Methoden kennen, die sich alle in der Coaching-Methode der liegenden Acht vereinen. In<br>diesem Teil der Ausbildung lernst du, andere Personen zu coachen.<br>Nach insgesamt 9 Monaten und einer bestandenen Abschlusspr\u00fcfung bist du zertifizierter<br>Greator Coach.<\/p>\n\n\n<div class=\"wp-block-group\"><div class=\"wp-block-group__inner-container is-layout-flow wp-block-group-is-layout-flow\">\n<h1>BERUFLICHES ODER PRIVATES COACHING<\/h1>\n<p><strong>So kannst auch du Greator Coach werden.<\/strong><br>In der Greator Coach Ausbildung lernst du viel \u00fcber dich selbst, entdeckst limitierende<br>Glaubenss\u00e4tze und findest immer mehr deinen Weg zu deinem wahren Kern. So legst du<br>den Grundstein, um auch andere Menschen auf ihrem Weg zu einem gl\u00fccklichen und<br>erf\u00fcllten Leben zu unterst\u00fctzen.<br>Du l\u00f6st gemeinsam mit deinen Klienten emotionale Blockaden, wendest die Methode der<br>liegenden Acht an und begleitest sie bei ihrem nachhaltigen Ver\u00e4nderungsprozess.<br>Alle Inhalte der Ausbildung sowie deine gesammelten Erkenntnisse sind mehr als wertvoll,<br>um sie auch einfach nur f\u00fcr dich zu nutzen. Es liegt ganz bei dir, ob du anschlie\u00dfend eine<br>Karriere als Coach einlenken m\u00f6chtest, die Erfahrungen in deinem aktuellen Job<br>einbringen wirst, oder Freunde und Familie davon profitieren l\u00e4sst.<br>Letztendlich geht es beim Greator Coach um die pers\u00f6nliche Entfaltung \u2013 du alleine<br>entscheidest, mit wem du diese Erfahrungen und Methoden teilen m\u00f6chtest.<\/p>\n\n\n\n<p><\/p>\n<\/div><\/div>\n\n\n\n<figure class=\"wp-block-gallery has-nested-images columns-default is-cropped wp-block-gallery-2 is-layout-flex wp-block-gallery-is-layout-flex\">\n<figure class=\"wp-block-image size-large\"><img loading=\"lazy\" decoding=\"async\" width=\"1024\" height=\"649\" data-id=\"455\" src=\"https:\/\/www.achtsam-coaching.de\/wp-content\/uploads\/2021\/09\/GC-G-Visual-1024x649.jpg\" alt=\"\" class=\"wp-image-455\" srcset=\"https:\/\/www.achtsam-coaching.de\/wp-content\/uploads\/2021\/09\/GC-G-Visual-1024x649.jpg 1024w, https:\/\/www.achtsam-coaching.de\/wp-content\/uploads\/2021\/09\/GC-G-Visual-300x190.jpg 300w, https:\/\/www.achtsam-coaching.de\/wp-content\/uploads\/2021\/09\/GC-G-Visual-768x487.jpg 768w, https:\/\/www.achtsam-coaching.de\/wp-content\/uploads\/2021\/09\/GC-G-Visual.jpg 1200w\" sizes=\"auto, (max-width: 706px) 89vw, (max-width: 767px) 82vw, 740px\" \/><\/figure>\n<\/figure>\n\n\n\n<figure class=\"wp-block-image size-full\"><img loading=\"lazy\" decoding=\"async\" width=\"500\" height=\"135\" src=\"https:\/\/www.achtsam-coaching.de\/wp-content\/uploads\/2021\/09\/Greator-Logo.jpeg\" alt=\"\" class=\"wp-image-456\" srcset=\"https:\/\/www.achtsam-coaching.de\/wp-content\/uploads\/2021\/09\/Greator-Logo.jpeg 500w, https:\/\/www.achtsam-coaching.de\/wp-content\/uploads\/2021\/09\/Greator-Logo-300x81.jpeg 300w\" sizes=\"auto, (max-width: 500px) 100vw, 500px\" \/><\/figure>\n\n\n\n<div class=\"wp-block-columns is-layout-flex wp-container-core-columns-is-layout-9d6595d7 wp-block-columns-is-layout-flex\">\n<div class=\"wp-block-column is-layout-flow wp-block-column-is-layout-flow\">\n<figure class=\"wp-block-image size-full\"><img loading=\"lazy\" decoding=\"async\" width=\"480\" height=\"480\" src=\"https:\/\/www.achtsam-coaching.de\/wp-content\/uploads\/2023\/07\/Greator-Coach-Ambassador.png\" alt=\"\" class=\"wp-image-507\" srcset=\"https:\/\/www.achtsam-coaching.de\/wp-content\/uploads\/2023\/07\/Greator-Coach-Ambassador.png 480w, https:\/\/www.achtsam-coaching.de\/wp-content\/uploads\/2023\/07\/Greator-Coach-Ambassador-300x300.png 300w, https:\/\/www.achtsam-coaching.de\/wp-content\/uploads\/2023\/07\/Greator-Coach-Ambassador-150x150.png 150w, https:\/\/www.achtsam-coaching.de\/wp-content\/uploads\/2023\/07\/Greator-Coach-Ambassador-100x100.png 100w\" sizes=\"auto, (max-width: 480px) 100vw, 480px\" \/><\/figure>\n<\/div>\n\n\n\n<div class=\"wp-block-column is-layout-flow wp-block-column-is-layout-flow\">\n<p>Interesse an der GreatorCoach Ausbildung? Hier zum kostenlosen Kennenlerngespr\u00e4ch:<\/p>\n<p><a href=\"https:\/\/go.greator.com\/referral-greator-coach\/?referralCode=Bmdbz4z&amp;refSource=copy\">Melde dich jetzt an.<\/a><\/p>\n<\/div>\n<\/div>\n","protected":false},"excerpt":{"rendered":"<p>DIE METHODE: Die liegende Acht, Ist-Zustand, Ursprung, Vision.Die liegende Acht ist eine weltweit einzigartige Coaching-Methode, die die CoachesChristina und Walter Hommelsheim vor einigen Jahren selbst entwickelt haben.Sie vereint die R\u00fcckschau in deine Vergangenheit (tiefenpsychologisches Arbeiten) mitder Vorschau in deine Zukunft (Erkenntnisse aus der Hirnforschung und modernerVisionsarbeit). Du l\u00f6st also deine Blockaden, aktivierst deine Kr\u00e4fte und &hellip; <\/p>\n<p class=\"link-more\"><a href=\"https:\/\/www.achtsam-coaching.de\/?page_id=446\" class=\"more-link\"><span class=\"screen-reader-text\">\u201eGreator Coach Ambassador\u201c <\/span>weiterlesen<\/a><\/p>\n","protected":false},"author":1,"featured_media":0,"parent":0,"menu_order":0,"comment_status":"closed","ping_status":"closed","template":"","meta":{"footnotes":""},"class_list":["post-446","page","type-page","status-publish","hentry"],"_links":{"self":[{"href":"https:\/\/www.achtsam-coaching.de\/index.php?rest_route=\/wp\/v2\/pages\/446","targetHints":{"allow":["GET"]}}],"collection":[{"href":"https:\/\/www.achtsam-coaching.de\/index.php?rest_route=\/wp\/v2\/pages"}],"about":[{"href":"https:\/\/www.achtsam-coaching.de\/index.php?rest_route=\/wp\/v2\/types\/page"}],"author":[{"embeddable":true,"href":"https:\/\/www.achtsam-coaching.de\/index.php?rest_route=\/wp\/v2\/users\/1"}],"replies":[{"embeddable":true,"href":"https:\/\/www.achtsam-coaching.de\/index.php?rest_route=%2Fwp%2Fv2%2Fcomments&post=446"}],"version-history":[{"count":12,"href":"https:\/\/www.achtsam-coaching.de\/index.php?rest_route=\/wp\/v2\/pages\/446\/revisions"}],"predecessor-version":[{"id":512,"href":"https:\/\/www.achtsam-coaching.de\/index.php?rest_route=\/wp\/v2\/pages\/446\/revisions\/512"}],"wp:attachment":[{"href":"https:\/\/www.achtsam-coaching.de\/index.php?rest_route=%2Fwp%2Fv2%2Fmedia&parent=446"}],"curies":[{"name":"wp","href":"https:\/\/api.w.org\/{rel}","templated":true}]}}